{"id":204,"date":"2022-01-27T15:26:20","date_gmt":"2022-01-27T13:26:20","guid":{"rendered":"https:\/\/www.kalajoenvapaaseurakunta.fi\/?page_id=204"},"modified":"2026-01-29T20:10:40","modified_gmt":"2026-01-29T18:10:40","slug":"tervetuloa","status":"publish","type":"page","link":"https:\/\/www.kalajoenvapaaseurakunta.fi\/","title":{"rendered":""},"content":{"rendered":"\n<p class=\"has-text-align-left has-medium-font-size\" style=\"font-style:normal;font-weight:800\">Tervetuloa seurakuntamme kotisivulle.<\/p>\n\n\n\n<p class=\"has-text-align-left has-medium-font-size\" style=\"font-style:normal;font-weight:400\">Olemme aktiivinen ja el\u00e4v\u00e4 seurakunta noin 1 km Kalajoen keskustasta.<\/p>\n\n\n\n<p class=\"has-text-align-left has-medium-font-size\" style=\"font-style:normal;font-weight:400\">Seurakunnassa palvelee omien puhujiemme lis\u00e4ksi monia vierailevia saarnamiehi\u00e4 ja pastoreita. Meill\u00e4 k\u00e4y my\u00f6s v\u00e4ke\u00e4 vierailemassa monista eri seurakunnista.&nbsp;<\/p>\n\n\n\n<p class=\"has-text-align-left has-medium-font-size\" style=\"font-style:normal;font-weight:400\">Ty\u00f6skentelemme yhteisty\u00f6ss\u00e4 niin Kalajoen Helluntaiseurakunnan ja Luterilaisen Seurakunnan, kuin my\u00f6s l\u00e4hipit\u00e4jien seurakuntien kanssa. Toivotamme vierailijat aina tervetulleeksi.<\/p>\n\n\n\n<p class=\"has-text-align-left has-medium-font-size\" style=\"font-style:normal;font-weight:400\">Kalajoen Ankkurin seurakunta kuuluu Suomen Vapaakirkkoon, joka on Suomessa syntynyt her\u00e4tysliike. Suomen Vapaakirkko on vaikuttanut maassamme jo yli 120 vuotta.<\/p>\n\n\n\n<p class=\"has-text-align-left has-medium-font-size\" style=\"font-style:normal;font-weight:400\">Vapaakirkollisuus korostaa henkil\u00f6kohtaista uskoa Kristukseen ja halua el\u00e4\u00e4 h\u00e4nen seuraajanaan muuttuvassa maailmassa. Usko Vapahtajaan suo meille omakohtaisen suhteen taivaalliseen Is\u00e4\u00e4n ja vapauttaa antautumaan el\u00e4m\u00e4lle sen koko rikkaudessaan. Evankeliumi on ilosanoma: uskomalla Jeesukseen saamme syntimme anteeksi ja opimme tuntemaan Jumalan henkil\u00f6kohtaisella tasolla. Se on el\u00e4m\u00e4npituinen prosessi, jonka voimme seurakunnissa jakaa toisten kanssa.<\/p>\n\n\n\n<p class=\"has-text-align-left has-medium-font-size\" style=\"font-style:normal;font-weight:400\"><strong>Tervetuloa mukaan !&nbsp;<\/strong><\/p>\n\n\n\n<p class=\"has-medium-font-size\" style=\"font-style:normal;font-weight:400\"><\/p>\n\n\n\n<p class=\"has-text-align-left has-medium-font-size\" style=\"font-style:normal;font-weight:400\">Kalajoen Ankkurin tapahtumat l\u00f6ytyv\u00e4t Facebookissa nimell\u00e4 Kalajoen Vapaaseurakunta ja pienilmoituksena Kalajokiseutu-lehdess\u00e4 seurakuntien ilmoituspalstalla.<\/p>\n\n\n\n<p class=\"has-text-align-left has-medium-font-size\" style=\"font-style:normal;font-weight:400\">Tilaisuuksia&nbsp; voi my\u00f6s katsoa YouTube:ssa kanavalla Kalajoen Vapaaseurakunta Ankkuri<\/p>\n\n\n\n<p class=\"has-text-align-left has-medium-font-size\" style=\"font-style:normal;font-weight:400\">Lis\u00e4\u00e4 tietoa Suomen Vapaakirkon toiminnasta l\u00f6yd\u00e4t netist\u00e4 osoitteesta: <a href=\"https:\/\/www.svk.fi\/\">svk.fi<\/a><\/p>\n\n\n\n<p class=\"has-text-align-left has-medium-font-size\" style=\"font-style:normal;font-weight:900\">Seurakuntamme ty\u00f6muodot muodostuvat kulloistenkin tarpeiden mukaan:<\/p>\n\n\n\n<p class=\"has-text-align-left has-medium-font-size\" style=\"font-style:normal;font-weight:400\">Keskiviikkoisin ruokajako klo 17.00-17.30 ja rukouskokous klo 19<\/p>\n\n\n\n<p class=\"has-text-align-left has-medium-font-size\" style=\"font-style:normal;font-weight:400\">Lauantaisin ruokajako klo 11.00-11.30 ja ilosanoman ilta klo 18<\/p>\n\n\n\n<p>Toistaiseksi kerran kuukaudessa ennen lauantain ruokajakoa hartaustilaisuus ven\u00e4j\u00e4n kielell\u00e4 ja tulkkaus suomeksi<\/p>\n\n\n\n<p class=\"has-text-align-left has-medium-font-size\" style=\"font-style:normal;font-weight:400\">Yhteiskristillinen rukous kotipaikkakunnan parhaaksi jokaisen kuukauden viimeinen tiistai klo 18<\/p>\n\n\n\n<p class=\"has-text-align-left has-medium-font-size\" style=\"font-style:normal;font-weight:400\">Tapahtumat-osiosta n\u00e4et tulevat tapahtumat. P\u00e4ivit\u00e4mme osioita tarpeen mukaan.<\/p>\n\n\n\n<p class=\"has-text-align-left\"><\/p>\n\n\n\n<p class=\"has-text-align-center\"><\/p>\n\n\n\n<p><\/p>\n","protected":false},"excerpt":{"rendered":"<p>Tervetuloa seurakuntamme kotisivulle. Olemme aktiivinen ja el\u00e4v\u00e4 seurakunta noin 1 km Kalajoen keskustasta. Seurakunnassa palvelee omien puhujiemme lis\u00e4ksi monia vierailevia saarnamiehi\u00e4 ja pastoreita. Meill\u00e4 k\u00e4y my\u00f6s v\u00e4ke\u00e4 vierailemassa monista eri &#8230; <span class=\"more\"><a class=\"more-link\" href=\"https:\/\/www.kalajoenvapaaseurakunta.fi\/\">[Read more&#8230;]<\/a><\/span><\/p>\n","protected":false},"author":1,"featured_media":0,"parent":0,"menu_order":0,"comment_status":"closed","ping_status":"closed","template":"","meta":{"footnotes":""},"class_list":["entry","page","publish","author-admin","post-204"],"_links":{"self":[{"href":"https:\/\/www.kalajoenvapaaseurakunta.fi\/index.php\/wp-json\/wp\/v2\/pages\/204","targetHints":{"allow":["GET"]}}],"collection":[{"href":"https:\/\/www.kalajoenvapaaseurakunta.fi\/index.php\/wp-json\/wp\/v2\/pages"}],"about":[{"href":"https:\/\/www.kalajoenvapaaseurakunta.fi\/index.php\/wp-json\/wp\/v2\/types\/page"}],"author":[{"embeddable":true,"href":"https:\/\/www.kalajoenvapaaseurakunta.fi\/index.php\/wp-json\/wp\/v2\/users\/1"}],"replies":[{"embeddable":true,"href":"https:\/\/www.kalajoenvapaaseurakunta.fi\/index.php\/wp-json\/wp\/v2\/comments?post=204"}],"version-history":[{"count":27,"href":"https:\/\/www.kalajoenvapaaseurakunta.fi\/index.php\/wp-json\/wp\/v2\/pages\/204\/revisions"}],"predecessor-version":[{"id":1685,"href":"https:\/\/www.kalajoenvapaaseurakunta.fi\/index.php\/wp-json\/wp\/v2\/pages\/204\/revisions\/1685"}],"wp:attachment":[{"href":"https:\/\/www.kalajoenvapaaseurakunta.fi\/index.php\/wp-json\/wp\/v2\/media?parent=204"}],"curies":[{"name":"wp","href":"https:\/\/api.w.org\/{rel}","templated":true}]}}